{"id":487,"date":"2023-08-31T05:50:03","date_gmt":"2023-08-31T05:50:03","guid":{"rendered":"https:\/\/brumbos.nl\/ueber-brumbos\/"},"modified":"2023-08-31T10:15:37","modified_gmt":"2023-08-31T10:15:37","slug":"ueber-brumbos","status":"publish","type":"page","link":"https:\/\/brumbos.nl\/de\/ueber-brumbos\/","title":{"rendered":"\u00dcber Brumbos"},"content":{"rendered":"\n<h1 class=\"wp-block-heading\">\u00dcber Brumbos<\/h1>\n\n<p>2008 begann alles mit dem Anbau von 5000 m<sup>2<\/sup> Schnittstauden. Wir arbeiteten damals beide noch im Agrarsektor, wollten aber doch gerne den Schritt in die Selbstst\u00e4ndigkeit wagen. Der Grund wurde nicht mehr f\u00fcr den Gem\u00fcseanbau genutzt und bot unz\u00e4hlige M\u00f6glichkeiten. Nach einiger Recherche haben wir beschlossen, 5000 m<sup>2<\/sup> Schnittstauden anzubauen. Zu diesem Zeitpunkt besa\u00dfen wir auch 1000 m<sup>2<\/sup> Buchsbaumfiguren. Das Geld, das wir im darauf folgenden Jahr mit den Schnittstauden und Buchsb\u00e4umen verdient haben, haben wir in neue Pflanzen investiert. So konnten wir auf die gegenw\u00e4rtige Gesamtfl\u00e4che von 3,5 ha Schnittstauden und Pfingstrosen wachsen.    <br\/>Om jaarrond aan de klok te kunnen zijn en arbeid te kunnen spreiden hebben wij bewust gekozen voor een diversiteit aan producten te weten: Skimmia\u2019s, Pioenen, Hypericum, Sneeuwbessen, Viburnum bloem en bes, Ilex blad en bes, Gagel en Exochorda. Deze producten zijn alle seizoensproducten. Wij veilen onze producten hoofdzakelijk op Flora Rijnsburg en Veiling Rhein Maas. <\/p>\n\n<p>Um ganzj\u00e4hrig an der Uhr vertreten und Arbeit aufteilen zu k\u00f6nnen, haben wir uns bewusst f\u00fcr ein vielf\u00e4ltiges Sortiment mit folgenden Produkten entschieden: Skimmien, Pfingstrosen, Johanniskraut, Schneebeeren, Schneeball (Bl\u00fcte und Beere), Stechpalme (Blatt und Beere), Gagel und Exochorda. Bei all diesen Produkten handelt es sich um Saisonprodukte. <br\/>Wir versteigern unsere Produkte haupts\u00e4chlich auf <a href=\"https:\/\/www.royalfloraholland.com\/\" target=\"_blank\" rel=\"noreferrer noopener\">Flora Rijnsburg<\/a> und <a href=\"https:\/\/www.veilingrheinmaas.com\/\" target=\"_blank\" rel=\"noreferrer noopener\">Veiling Rhein-Maas<\/a>.<\/p>\n\n<p>Da uns die Umwelt und unsere Mitmenschen am Herzen liegen, werden unsere Produkte m\u00f6glichst nachhaltig angebaut. Weitere Informationen diesbez\u00fcglich finden Sie unter <a href=\"https:\/\/brumbos.nl\/nl\/werkwijze\">\u201eArbeitsweise\u201c.<\/a> <\/p>\n\n<p>John und Jolanda Brummans.<\/p>\n","protected":false},"excerpt":{"rendered":"<p>\u00dcber Brumbos 2008 begann alles mit dem Anbau von 5000 m2 Schnittstauden. Wir arbeiteten damals beide noch im Agrarsektor, wollten [&hellip;]<\/p>\n","protected":false},"author":1,"featured_media":0,"parent":0,"menu_order":0,"comment_status":"closed","ping_status":"closed","template":"","meta":{"_acf_changed":false,"footnotes":""},"class_list":["post-487","page","type-page","status-publish","hentry"],"acf":[],"yoast_head":"<!-- This site is optimized with the Yoast SEO plugin v25.7 - https:\/\/yoast.com\/wordpress\/plugins\/seo\/ -->\n<title>\u00dcber Brumbos - Brumbos<\/title>\n<meta name=\"robots\" content=\"index, follow, max-snippet:-1, max-image-preview:large, max-video-preview:-1\" \/>\n<link rel=\"canonical\" href=\"https:\/\/brumbos.nl\/de\/ueber-brumbos\/\" \/>\n<meta property=\"og:locale\" content=\"de_DE\" \/>\n<meta property=\"og:type\" content=\"article\" \/>\n<meta property=\"og:title\" content=\"\u00dcber Brumbos - Brumbos\" \/>\n<meta property=\"og:description\" content=\"\u00dcber Brumbos 2008 begann alles mit dem Anbau von 5000 m2 Schnittstauden. Wir arbeiteten damals beide noch im Agrarsektor, wollten [&hellip;]\" \/>\n<meta property=\"og:url\" content=\"https:\/\/brumbos.nl\/de\/ueber-brumbos\/\" \/>\n<meta property=\"og:site_name\" content=\"Brumbos\" \/>\n<meta property=\"article:modified_time\" content=\"2023-08-31T10:15:37+00:00\" \/>\n<meta name=\"twitter:card\" content=\"summary_large_image\" \/>\n<meta name=\"twitter:label1\" content=\"Gesch\u00e4tzte Lesezeit\" \/>\n\t<meta name=\"twitter:data1\" content=\"1\u00a0Minute\" \/>\n<script type=\"application\/ld+json\" class=\"yoast-schema-graph\">{\"@context\":\"https:\/\/schema.org\",\"@graph\":[{\"@type\":\"WebPage\",\"@id\":\"https:\/\/brumbos.nl\/de\/ueber-brumbos\/\",\"url\":\"https:\/\/brumbos.nl\/de\/ueber-brumbos\/\",\"name\":\"\u00dcber Brumbos - Brumbos\",\"isPartOf\":{\"@id\":\"https:\/\/brumbos.nl\/de\/#website\"},\"datePublished\":\"2023-08-31T05:50:03+00:00\",\"dateModified\":\"2023-08-31T10:15:37+00:00\",\"breadcrumb\":{\"@id\":\"https:\/\/brumbos.nl\/de\/ueber-brumbos\/#breadcrumb\"},\"inLanguage\":\"de\",\"potentialAction\":[{\"@type\":\"ReadAction\",\"target\":[\"https:\/\/brumbos.nl\/de\/ueber-brumbos\/\"]}]},{\"@type\":\"BreadcrumbList\",\"@id\":\"https:\/\/brumbos.nl\/de\/ueber-brumbos\/#breadcrumb\",\"itemListElement\":[{\"@type\":\"ListItem\",\"position\":1,\"name\":\"Home\",\"item\":\"https:\/\/brumbos.nl\/de\/\"},{\"@type\":\"ListItem\",\"position\":2,\"name\":\"\u00dcber Brumbos\"}]},{\"@type\":\"WebSite\",\"@id\":\"https:\/\/brumbos.nl\/de\/#website\",\"url\":\"https:\/\/brumbos.nl\/de\/\",\"name\":\"Brumbos\",\"description\":\"Since 2008\",\"potentialAction\":[{\"@type\":\"SearchAction\",\"target\":{\"@type\":\"EntryPoint\",\"urlTemplate\":\"https:\/\/brumbos.nl\/de\/?s={search_term_string}\"},\"query-input\":{\"@type\":\"PropertyValueSpecification\",\"valueRequired\":true,\"valueName\":\"search_term_string\"}}],\"inLanguage\":\"de\"}]}<\/script>\n<!-- \/ Yoast SEO plugin. -->","yoast_head_json":{"title":"\u00dcber Brumbos - Brumbos","robots":{"index":"index","follow":"follow","max-snippet":"max-snippet:-1","max-image-preview":"max-image-preview:large","max-video-preview":"max-video-preview:-1"},"canonical":"https:\/\/brumbos.nl\/de\/ueber-brumbos\/","og_locale":"de_DE","og_type":"article","og_title":"\u00dcber Brumbos - Brumbos","og_description":"\u00dcber Brumbos 2008 begann alles mit dem Anbau von 5000 m2 Schnittstauden. Wir arbeiteten damals beide noch im Agrarsektor, wollten [&hellip;]","og_url":"https:\/\/brumbos.nl\/de\/ueber-brumbos\/","og_site_name":"Brumbos","article_modified_time":"2023-08-31T10:15:37+00:00","twitter_card":"summary_large_image","twitter_misc":{"Gesch\u00e4tzte Lesezeit":"1\u00a0Minute"},"schema":{"@context":"https:\/\/schema.org","@graph":[{"@type":"WebPage","@id":"https:\/\/brumbos.nl\/de\/ueber-brumbos\/","url":"https:\/\/brumbos.nl\/de\/ueber-brumbos\/","name":"\u00dcber Brumbos - Brumbos","isPartOf":{"@id":"https:\/\/brumbos.nl\/de\/#website"},"datePublished":"2023-08-31T05:50:03+00:00","dateModified":"2023-08-31T10:15:37+00:00","breadcrumb":{"@id":"https:\/\/brumbos.nl\/de\/ueber-brumbos\/#breadcrumb"},"inLanguage":"de","potentialAction":[{"@type":"ReadAction","target":["https:\/\/brumbos.nl\/de\/ueber-brumbos\/"]}]},{"@type":"BreadcrumbList","@id":"https:\/\/brumbos.nl\/de\/ueber-brumbos\/#breadcrumb","itemListElement":[{"@type":"ListItem","position":1,"name":"Home","item":"https:\/\/brumbos.nl\/de\/"},{"@type":"ListItem","position":2,"name":"\u00dcber Brumbos"}]},{"@type":"WebSite","@id":"https:\/\/brumbos.nl\/de\/#website","url":"https:\/\/brumbos.nl\/de\/","name":"Brumbos","description":"Since 2008","potentialAction":[{"@type":"SearchAction","target":{"@type":"EntryPoint","urlTemplate":"https:\/\/brumbos.nl\/de\/?s={search_term_string}"},"query-input":{"@type":"PropertyValueSpecification","valueRequired":true,"valueName":"search_term_string"}}],"inLanguage":"de"}]}},"_links":{"self":[{"href":"https:\/\/brumbos.nl\/de\/wp-json\/wp\/v2\/pages\/487","targetHints":{"allow":["GET"]}}],"collection":[{"href":"https:\/\/brumbos.nl\/de\/wp-json\/wp\/v2\/pages"}],"about":[{"href":"https:\/\/brumbos.nl\/de\/wp-json\/wp\/v2\/types\/page"}],"author":[{"embeddable":true,"href":"https:\/\/brumbos.nl\/de\/wp-json\/wp\/v2\/users\/1"}],"replies":[{"embeddable":true,"href":"https:\/\/brumbos.nl\/de\/wp-json\/wp\/v2\/comments?post=487"}],"version-history":[{"count":1,"href":"https:\/\/brumbos.nl\/de\/wp-json\/wp\/v2\/pages\/487\/revisions"}],"predecessor-version":[{"id":488,"href":"https:\/\/brumbos.nl\/de\/wp-json\/wp\/v2\/pages\/487\/revisions\/488"}],"wp:attachment":[{"href":"https:\/\/brumbos.nl\/de\/wp-json\/wp\/v2\/media?parent=487"}],"curies":[{"name":"wp","href":"https:\/\/api.w.org\/{rel}","templated":true}]}}