{"id":513,"date":"2023-08-31T05:50:23","date_gmt":"2023-08-31T05:50:23","guid":{"rendered":"https:\/\/brumbos.nl\/arbeitsweise\/"},"modified":"2023-09-04T09:08:47","modified_gmt":"2023-09-04T09:08:47","slug":"arbeitsweise","status":"publish","type":"page","link":"https:\/\/brumbos.nl\/de\/arbeitsweise\/","title":{"rendered":"Arbeitsweise"},"content":{"rendered":"\n<p>Bei Brumbos bem\u00fchen wir uns um einen m\u00f6glichst nachhaltigen Anbau. Ein m\u00f6glichst guter Umgang mit der Umwelt und unseren Mitmenschen geh\u00f6rt zu unseren \u00dcberzeugungen. Dieser Ansatz wird durch die Zertifikate MPS A+ und SQ unterstrichen. Zudem sind wir bei Fair Flowers Fair Plants angeschlossen.   <\/p>\n\n<h2 class=\"wp-block-heading has-text-align-center lbl-animate aos-fade-left has-text-color\" style=\"color:#920e2a\">Verarbeitung<\/h2>\n\n<div class=\"wp-block-columns lbl-animate aos-fade-left is-layout-flex wp-container-core-columns-is-layout-9d6595d7 wp-block-columns-is-layout-flex\">\n<div class=\"wp-block-column is-layout-flow wp-block-column-is-layout-flow\" style=\"flex-basis:50%\">\n<p style=\"font-size:16px\">Unsere Produkte werden direkt im Betrieb verarbeitet. Zu diesem Zweck stehen uns zwei L\u00e4ngen Sortiermaschinen und eine Bindelinie zur Verf\u00fcgung. Mithilfe dieser Maschinen k\u00f6nnen wir unsere Produkte nach passender L\u00e4nge sortieren und wunschgem\u00e4\u00df b\u00fcndeln. Gleichzeitig l\u00e4sst sich dadurch eine m\u00f6glichst kurze Verarbeitungszeit einhalten, was der Qualit\u00e4t zugutekommt. Wenn das Produkt fertig f\u00fcr die Versteigerung ist, aber noch nicht verladen wird, lagern wir dieses in der K\u00fchlzelle \u2013 wiederum zur Gew\u00e4hrleistung bester Qualit\u00e4t. Unsere Produkte werden haupts\u00e4chlich auf Veiling Rhein-Maas und Royal Flora Holland Rijnsburg verkauft.      <\/p>\n\n\n\n<p style=\"font-size:16px\">Die Verarbeitung unserer Produkte \u00fcbernehmen wir gr\u00f6\u00dftenteils selbst. Sollten dennoch helfende H\u00e4nde ben\u00f6tigt werden, \u00fcberwacht einer von uns beiden die Endqualit\u00e4t und ist der andere beim Binden anwesend. Qualit\u00e4t hat bei uns n\u00e4mlich oberste Priorit\u00e4t! Am Samstag und w\u00e4hrend der Ferien werden wir von Sch\u00fclern unterst\u00fctzt. Bei gelegentlichen Engp\u00e4ssen fordern wir zus\u00e4tzliche Hilfe durch Zeitarbeiter an.   <\/p>\n<\/div>\n\n\n\n<div class=\"wp-block-column is-layout-flow wp-block-column-is-layout-flow\" style=\"flex-basis:50%\"><div class=\"wp-block-image\">\n<figure class=\"aligncenter size-full is-resized\"><img loading=\"lazy\" decoding=\"async\" src=\"https:\/\/brumbos.nl\/wp-content\/uploads\/2023\/08\/Ilex21.jpg\" alt=\"\" class=\"wp-image-494\" style=\"width:373px;height:248px\" width=\"373\" height=\"248\" srcset=\"https:\/\/brumbos.nl\/wp-content\/uploads\/2023\/08\/Ilex21.jpg 320w, https:\/\/brumbos.nl\/wp-content\/uploads\/2023\/08\/Ilex21-300x200.jpg 300w\" sizes=\"auto, (max-width: 373px) 100vw, 373px\" \/><\/figure><\/div><\/div>\n<\/div>\n\n<div style=\"height:5px\" aria-hidden=\"true\" class=\"wp-block-spacer\"><\/div>\n\n<h2 class=\"wp-block-heading has-text-align-center lbl-animate aos-fade-right has-text-color\" style=\"color:#920e2a\">Anbau<\/h2>\n\n<div class=\"wp-block-columns lbl-animate aos-fade-right is-layout-flex wp-container-core-columns-is-layout-9d6595d7 wp-block-columns-is-layout-flex\">\n<div class=\"wp-block-column is-layout-flow wp-block-column-is-layout-flow\" style=\"flex-basis:50%\"><div class=\"wp-block-image\">\n<figure class=\"aligncenter size-full is-resized\"><img loading=\"lazy\" decoding=\"async\" src=\"https:\/\/brumbos.nl\/wp-content\/uploads\/2023\/08\/Ilex20.jpg\" alt=\"\" class=\"wp-image-499\" style=\"width:417px;height:278px\" width=\"417\" height=\"278\" srcset=\"https:\/\/brumbos.nl\/wp-content\/uploads\/2023\/08\/Ilex20.jpg 320w, https:\/\/brumbos.nl\/wp-content\/uploads\/2023\/08\/Ilex20-300x200.jpg 300w\" sizes=\"auto, (max-width: 417px) 100vw, 417px\" \/><\/figure><\/div><\/div>\n\n\n\n<div class=\"wp-block-column is-layout-flow wp-block-column-is-layout-flow\" style=\"flex-basis:50%\">\n<p style=\"font-size:16px\">Unser gesamter Anbau erfolgt im Freiland. Wir bauen also alles im Freien an und setzen keine Gew\u00e4chsh\u00e4user ein. Da es sich bei Skimmien um Schattenpflanzen handelt, stehen diese im Sommer in einer Schattenhalle. Im Winter wird das Schattentuch entfernt. Bei einigen Kulturen werden Tunnel verwendet, um eine Ernteverl\u00e4ngerung zu erzielen. Nach der Ernte der Pflanzen werden diese jedoch wieder entfernt. Die Tunnel werden dann bis zu ihrem n\u00e4chsten Einsatz aufbewahrt. Dadurch entsteht am Feld ein ordentlicheres und ruhigeres Bild.       <\/p>\n<\/div>\n<\/div>\n\n<div style=\"height:5px\" aria-hidden=\"true\" class=\"wp-block-spacer\"><\/div>\n\n<h2 class=\"wp-block-heading has-text-align-center lbl-animate aos-fade-left has-text-color\" style=\"color:#920e2a\">Unkraut<\/h2>\n\n<div class=\"wp-block-columns lbl-animate aos-fade-left is-layout-flex wp-container-core-columns-is-layout-9d6595d7 wp-block-columns-is-layout-flex\">\n<div class=\"wp-block-column is-layout-flow wp-block-column-is-layout-flow\" style=\"flex-basis:50%\">\n<p style=\"font-size:16px\">KipEin anderes h\u00e4ufig vorkommendes \u00dcbel am Feld ist Unkraut. Einige Kulturen haben im Laufe der Jahre ein derart dichtes Gew\u00e4chs gebildet, dass sich Unkraut hier nicht ansiedeln kann. Folglich sind diese Kulturen recht pflegeleicht, sodass f\u00fcr gew\u00f6hnlich ein ein- bis zweimaliges Unkrautj\u00e4ten pro Jahr v\u00f6llig ausreicht. Eine andere Pflanzengruppe versehen wir mit biologisch abbaubarer Folie. Auch hier muss nur einige wenige Male pro Jahr Unkraut gej\u00e4tet werden. Bei den anderen Kulturen versuchen wir, das Unkraut mithilfe von Hacken (Traktor oder manuell) zu b\u00e4ndigen. Ist der Einsatz von Unkrautmitteln erforderlich, arbeiten wir mit Niederdruckspritzger\u00e4ten, um den Einsatz der Mittel m\u00f6glichst gering zu halten.       <\/p>\n<\/div>\n\n\n\n<div class=\"wp-block-column is-layout-flow wp-block-column-is-layout-flow\" style=\"flex-basis:50%\"><div class=\"wp-block-image\">\n<figure class=\"aligncenter size-full\"><img loading=\"lazy\" decoding=\"async\" width=\"320\" height=\"320\" src=\"https:\/\/brumbos.nl\/wp-content\/uploads\/2023\/08\/Kip.jpg\" alt=\"\" class=\"wp-image-501\" srcset=\"https:\/\/brumbos.nl\/wp-content\/uploads\/2023\/08\/Kip.jpg 320w, https:\/\/brumbos.nl\/wp-content\/uploads\/2023\/08\/Kip-300x300.jpg 300w, https:\/\/brumbos.nl\/wp-content\/uploads\/2023\/08\/Kip-150x150.jpg 150w\" sizes=\"auto, (max-width: 320px) 100vw, 320px\" \/><\/figure><\/div><\/div>\n<\/div>\n\n<div style=\"height:5px\" aria-hidden=\"true\" class=\"wp-block-spacer\"><\/div>\n\n<h2 class=\"wp-block-heading has-text-align-center lbl-animate aos-fade-right has-text-color\" style=\"color:#920e2a\">Umwelt<\/h2>\n\n<div class=\"wp-block-columns lbl-animate aos-fade-right is-layout-flex wp-container-core-columns-is-layout-9d6595d7 wp-block-columns-is-layout-flex\">\n<div class=\"wp-block-column is-layout-flow wp-block-column-is-layout-flow\" style=\"flex-basis:50%\"><div class=\"wp-block-image\">\n<figure class=\"aligncenter size-full is-resized\"><img loading=\"lazy\" decoding=\"async\" src=\"https:\/\/brumbos.nl\/wp-content\/uploads\/2023\/08\/Hommel-als-bestuiver.jpg\" alt=\"\" class=\"wp-image-503\" style=\"width:418px;height:278px\" width=\"418\" height=\"278\" srcset=\"https:\/\/brumbos.nl\/wp-content\/uploads\/2023\/08\/Hommel-als-bestuiver.jpg 320w, https:\/\/brumbos.nl\/wp-content\/uploads\/2023\/08\/Hommel-als-bestuiver-300x200.jpg 300w\" sizes=\"auto, (max-width: 418px) 100vw, 418px\" \/><\/figure><\/div><\/div>\n\n\n\n<div class=\"wp-block-column is-layout-flow wp-block-column-is-layout-flow\" style=\"flex-basis:50%\">\n<p style=\"font-size:16px\">Unser Betrieb beherbergt recht viele Beerengew\u00e4chse. Zur Erzielung eines guten Bl\u00fctenbesatzes vertrauen wir auf nat\u00fcrliche Best\u00e4uber. Neben den bereits wild vorkommenden Hummeln und Bienen mieten wir jedes Jahr einige Bienenk\u00e4sten bei einem Imker. Seit einigen Jahren haben wir gute Erfahrungen mit <a rel=\"noreferrer noopener\" href=\"http:\/\/www.bijenbestuivingstrijbos.nl\/\" target=\"_blank\">Bijenbestuiving Strijbos<\/a> gemacht    Wenn Behandlungen mit Pflanzenschutzmitteln auszuf\u00fchren sind, ber\u00fccksichtigen wir stets auch unsere flei\u00dfigen Mitarbeiter. Zudem setzen wir in den Skimmien Raubmilben aus, die uns zus\u00e4tzlich unterst\u00fctzen. Ebenfalls zwischen den Skimmien laufen H\u00fchner herum, die kleine Sch\u00e4dlinge fressen und zugleich Unkraut j\u00e4ten und den Boden lockern. Die Natur selbst schickt uns regelm\u00e4\u00dfig Marienk\u00e4fer in die Kulturen, was uns ebenfalls sehr freut.   <\/p>\n<\/div>\n<\/div>\n","protected":false},"excerpt":{"rendered":"<p>Bei Brumbos bem\u00fchen wir uns um einen m\u00f6glichst nachhaltigen Anbau. Ein m\u00f6glichst guter Umgang mit der Umwelt und unseren Mitmenschen [&hellip;]<\/p>\n","protected":false},"author":1,"featured_media":0,"parent":0,"menu_order":0,"comment_status":"closed","ping_status":"closed","template":"","meta":{"_acf_changed":false,"footnotes":""},"class_list":["post-513","page","type-page","status-publish","hentry"],"acf":[],"yoast_head":"<!-- This site is optimized with the Yoast SEO plugin v25.7 - https:\/\/yoast.com\/wordpress\/plugins\/seo\/ -->\n<title>Arbeitsweise - Brumbos<\/title>\n<meta name=\"robots\" content=\"index, follow, max-snippet:-1, max-image-preview:large, max-video-preview:-1\" \/>\n<link rel=\"canonical\" href=\"https:\/\/brumbos.nl\/de\/arbeitsweise\/\" \/>\n<meta property=\"og:locale\" content=\"de_DE\" \/>\n<meta property=\"og:type\" content=\"article\" \/>\n<meta property=\"og:title\" content=\"Arbeitsweise - Brumbos\" \/>\n<meta property=\"og:description\" content=\"Bei Brumbos bem\u00fchen wir uns um einen m\u00f6glichst nachhaltigen Anbau. Ein m\u00f6glichst guter Umgang mit der Umwelt und unseren Mitmenschen [&hellip;]\" \/>\n<meta property=\"og:url\" content=\"https:\/\/brumbos.nl\/de\/arbeitsweise\/\" \/>\n<meta property=\"og:site_name\" content=\"Brumbos\" \/>\n<meta property=\"article:modified_time\" content=\"2023-09-04T09:08:47+00:00\" \/>\n<meta property=\"og:image\" content=\"https:\/\/brumbos.nl\/wp-content\/uploads\/2023\/08\/Ilex21.jpg\" \/>\n<meta name=\"twitter:card\" content=\"summary_large_image\" \/>\n<meta name=\"twitter:label1\" content=\"Gesch\u00e4tzte Lesezeit\" \/>\n\t<meta name=\"twitter:data1\" content=\"3\u00a0Minuten\" \/>\n<script type=\"application\/ld+json\" class=\"yoast-schema-graph\">{\"@context\":\"https:\/\/schema.org\",\"@graph\":[{\"@type\":\"WebPage\",\"@id\":\"https:\/\/brumbos.nl\/de\/arbeitsweise\/\",\"url\":\"https:\/\/brumbos.nl\/de\/arbeitsweise\/\",\"name\":\"Arbeitsweise - Brumbos\",\"isPartOf\":{\"@id\":\"https:\/\/brumbos.nl\/de\/#website\"},\"primaryImageOfPage\":{\"@id\":\"https:\/\/brumbos.nl\/de\/arbeitsweise\/#primaryimage\"},\"image\":{\"@id\":\"https:\/\/brumbos.nl\/de\/arbeitsweise\/#primaryimage\"},\"thumbnailUrl\":\"https:\/\/brumbos.nl\/wp-content\/uploads\/2023\/08\/Ilex21.jpg\",\"datePublished\":\"2023-08-31T05:50:23+00:00\",\"dateModified\":\"2023-09-04T09:08:47+00:00\",\"breadcrumb\":{\"@id\":\"https:\/\/brumbos.nl\/de\/arbeitsweise\/#breadcrumb\"},\"inLanguage\":\"de\",\"potentialAction\":[{\"@type\":\"ReadAction\",\"target\":[\"https:\/\/brumbos.nl\/de\/arbeitsweise\/\"]}]},{\"@type\":\"ImageObject\",\"inLanguage\":\"de\",\"@id\":\"https:\/\/brumbos.nl\/de\/arbeitsweise\/#primaryimage\",\"url\":\"https:\/\/brumbos.nl\/wp-content\/uploads\/2023\/08\/Ilex21.jpg\",\"contentUrl\":\"https:\/\/brumbos.nl\/wp-content\/uploads\/2023\/08\/Ilex21.jpg\"},{\"@type\":\"BreadcrumbList\",\"@id\":\"https:\/\/brumbos.nl\/de\/arbeitsweise\/#breadcrumb\",\"itemListElement\":[{\"@type\":\"ListItem\",\"position\":1,\"name\":\"Home\",\"item\":\"https:\/\/brumbos.nl\/de\/\"},{\"@type\":\"ListItem\",\"position\":2,\"name\":\"Arbeitsweise\"}]},{\"@type\":\"WebSite\",\"@id\":\"https:\/\/brumbos.nl\/de\/#website\",\"url\":\"https:\/\/brumbos.nl\/de\/\",\"name\":\"Brumbos\",\"description\":\"Since 2008\",\"potentialAction\":[{\"@type\":\"SearchAction\",\"target\":{\"@type\":\"EntryPoint\",\"urlTemplate\":\"https:\/\/brumbos.nl\/de\/?s={search_term_string}\"},\"query-input\":{\"@type\":\"PropertyValueSpecification\",\"valueRequired\":true,\"valueName\":\"search_term_string\"}}],\"inLanguage\":\"de\"}]}<\/script>\n<!-- \/ Yoast SEO plugin. -->","yoast_head_json":{"title":"Arbeitsweise - Brumbos","robots":{"index":"index","follow":"follow","max-snippet":"max-snippet:-1","max-image-preview":"max-image-preview:large","max-video-preview":"max-video-preview:-1"},"canonical":"https:\/\/brumbos.nl\/de\/arbeitsweise\/","og_locale":"de_DE","og_type":"article","og_title":"Arbeitsweise - Brumbos","og_description":"Bei Brumbos bem\u00fchen wir uns um einen m\u00f6glichst nachhaltigen Anbau. Ein m\u00f6glichst guter Umgang mit der Umwelt und unseren Mitmenschen [&hellip;]","og_url":"https:\/\/brumbos.nl\/de\/arbeitsweise\/","og_site_name":"Brumbos","article_modified_time":"2023-09-04T09:08:47+00:00","og_image":[{"url":"https:\/\/brumbos.nl\/wp-content\/uploads\/2023\/08\/Ilex21.jpg","type":"","width":"","height":""}],"twitter_card":"summary_large_image","twitter_misc":{"Gesch\u00e4tzte Lesezeit":"3\u00a0Minuten"},"schema":{"@context":"https:\/\/schema.org","@graph":[{"@type":"WebPage","@id":"https:\/\/brumbos.nl\/de\/arbeitsweise\/","url":"https:\/\/brumbos.nl\/de\/arbeitsweise\/","name":"Arbeitsweise - Brumbos","isPartOf":{"@id":"https:\/\/brumbos.nl\/de\/#website"},"primaryImageOfPage":{"@id":"https:\/\/brumbos.nl\/de\/arbeitsweise\/#primaryimage"},"image":{"@id":"https:\/\/brumbos.nl\/de\/arbeitsweise\/#primaryimage"},"thumbnailUrl":"https:\/\/brumbos.nl\/wp-content\/uploads\/2023\/08\/Ilex21.jpg","datePublished":"2023-08-31T05:50:23+00:00","dateModified":"2023-09-04T09:08:47+00:00","breadcrumb":{"@id":"https:\/\/brumbos.nl\/de\/arbeitsweise\/#breadcrumb"},"inLanguage":"de","potentialAction":[{"@type":"ReadAction","target":["https:\/\/brumbos.nl\/de\/arbeitsweise\/"]}]},{"@type":"ImageObject","inLanguage":"de","@id":"https:\/\/brumbos.nl\/de\/arbeitsweise\/#primaryimage","url":"https:\/\/brumbos.nl\/wp-content\/uploads\/2023\/08\/Ilex21.jpg","contentUrl":"https:\/\/brumbos.nl\/wp-content\/uploads\/2023\/08\/Ilex21.jpg"},{"@type":"BreadcrumbList","@id":"https:\/\/brumbos.nl\/de\/arbeitsweise\/#breadcrumb","itemListElement":[{"@type":"ListItem","position":1,"name":"Home","item":"https:\/\/brumbos.nl\/de\/"},{"@type":"ListItem","position":2,"name":"Arbeitsweise"}]},{"@type":"WebSite","@id":"https:\/\/brumbos.nl\/de\/#website","url":"https:\/\/brumbos.nl\/de\/","name":"Brumbos","description":"Since 2008","potentialAction":[{"@type":"SearchAction","target":{"@type":"EntryPoint","urlTemplate":"https:\/\/brumbos.nl\/de\/?s={search_term_string}"},"query-input":{"@type":"PropertyValueSpecification","valueRequired":true,"valueName":"search_term_string"}}],"inLanguage":"de"}]}},"_links":{"self":[{"href":"https:\/\/brumbos.nl\/de\/wp-json\/wp\/v2\/pages\/513","targetHints":{"allow":["GET"]}}],"collection":[{"href":"https:\/\/brumbos.nl\/de\/wp-json\/wp\/v2\/pages"}],"about":[{"href":"https:\/\/brumbos.nl\/de\/wp-json\/wp\/v2\/types\/page"}],"author":[{"embeddable":true,"href":"https:\/\/brumbos.nl\/de\/wp-json\/wp\/v2\/users\/1"}],"replies":[{"embeddable":true,"href":"https:\/\/brumbos.nl\/de\/wp-json\/wp\/v2\/comments?post=513"}],"version-history":[{"count":16,"href":"https:\/\/brumbos.nl\/de\/wp-json\/wp\/v2\/pages\/513\/revisions"}],"predecessor-version":[{"id":696,"href":"https:\/\/brumbos.nl\/de\/wp-json\/wp\/v2\/pages\/513\/revisions\/696"}],"wp:attachment":[{"href":"https:\/\/brumbos.nl\/de\/wp-json\/wp\/v2\/media?parent=513"}],"curies":[{"name":"wp","href":"https:\/\/api.w.org\/{rel}","templated":true}]}}