{"id":519,"date":"2023-08-31T05:51:21","date_gmt":"2023-08-31T05:51:21","guid":{"rendered":"https:\/\/brumbos.nl\/pioenrozen\/"},"modified":"2023-09-06T15:17:47","modified_gmt":"2023-09-06T15:17:47","slug":"pfingstrosen","status":"publish","type":"page","link":"https:\/\/brumbos.nl\/de\/produkte\/pfingstrosen\/","title":{"rendered":"Pfingstrosen"},"content":{"rendered":"\n<div class=\"wp-block-columns is-layout-flex wp-container-core-columns-is-layout-9d6595d7 wp-block-columns-is-layout-flex\">\n<div class=\"wp-block-column is-layout-flow wp-block-column-is-layout-flow\" style=\"flex-basis:100%\">\n<h2 class=\"wp-block-heading\">Pfingstrosen<\/h2>\n\n\n\n<p>Pfingstrosen \u2013 auch P\u00e4onien genannt \u2013 sind ein Saisonprodukt, da sie nur in einem beschr\u00e4nkten Zeitraum des Jahres erh\u00e4ltlich sind. Dieser Zeitraum erstreckt sich meist von Mai bis Juni. Durch Verfr\u00fchung l\u00e4sst sich dieser Zeitraum auf etwa Mitte April vorziehen, was jedoch auch wetterabh\u00e4ngig ist. Das Erscheinungsbild der Pfingstrose ist \u00e4u\u00dferst vielseitig und erstreckt sich \u00fcber gef\u00fcllt oder einfach bl\u00fchend, mit oder ohne Duft. Auch der Grad der gef\u00fcllten Bl\u00fcten und die Form der Bl\u00fcten unterscheiden sich, z. B. Rosen- oder Kugelform.<\/p>\n\n\n\n<p>Pfingstrosen d\u00fcrfen nicht in einem zu fr\u00fchen Stadium geerntet werden, sondern m\u00fcssen reif genug sein. Geschieht dies nicht, ist die Wahrscheinlichkeit hoch, dass sich die Bl\u00fcten nicht \u00f6ffnen. Jede Art besitzt ihre eigene \u201erichtige\u201c Reife. Manche Sorten \u00f6ffnen sich einfacher und andere wiederum ein wenig schwieriger. Das Ger\u00fccht, dass man Bl\u00fctenknospen unter lauwarmes Wasser halten muss, damit sie sich einfacher \u00f6ffnen, h\u00e4lt sich hartn\u00e4ckig. Bei richtiger Ernte der Blumen darf dies jedoch keinen Einfluss haben. Vielmehr ist dann davon auszugehen, dass sie zu fr\u00fch geerntet wurden.<\/p>\n\n\n\n<p>Im Winter ist es nicht notwendig, Pfingstrosen vor Frost zu sch\u00fctzen. Dies h\u00e4tte sogar einen gegenteiligen Effekt, da Pfingstrosen K\u00e4lte zur Bl\u00fctenbildung ben\u00f6tigen. Bei der Ernte der Blumen entfernen wir nie das gesamte Blatt, da die Pflanze dieses ben\u00f6tigt, um Energie f\u00fcr die Bildung neuer St\u00e4ngel\/Bl\u00fctenknospen zu beziehen. Im Winter wird die Bl\u00fctenentwicklung durch die K\u00e4lte unterst\u00fctzt, sodass diese im Fr\u00fchjahr wieder wachsen k\u00f6nnen. Pfingstrosen k\u00f6nnen mehrere Jahre hindurch in derselben Erde stehen.<\/p>\n\n\n\n<p>Bildet eine Pfingstrose nur Blatt und keine Bl\u00fcten aus, kann dies mehrere Ursachen haben. Vielleicht hat die Pflanze zu wenig K\u00e4lte erhalten, ist noch zu jung (im ersten Jahr muss die Pflanze zun\u00e4chst ein robustes Wurzelsystem ausbilden) oder steht am falschen Ort. Im letzten Fall ist ein Standortwechsel zu empfehlen. Pfingstrosen lieben die Sonne sowie ausreichend viel Wasser und N\u00e4hrstoffe. Die Erde darf nicht zu sauer sein.<\/p>\n\n\n\n<p>Ein h\u00e4ufiger auftretendes Ph\u00e4nomen bei Pfingstrosen im Garten ist Ameisenbefall. Dies ist jedoch kein Problem. Die Ameisen werden vom Zucker angezogen, den die Bl\u00fcten produzieren. Wenn Sie den Zucker mit Wasser von den Bl\u00fcten absp\u00fclen, verabschieden sich auch die Ameisen.<\/p>\n<\/div>\n<\/div>\n\n\n<div class=\"row justify-content-start\">\n        <div class=\"col-12 col-sm-6 col-md-4 col-lg-4 col-xl-4 mb-4 mt-4\">\n        <div class=\"project\">\n            <div class=\"project-container\">\n                <div class=\"image-container\">\n                    <a href=\"https:\/\/brumbos.nl\/de\/pioenrozen\/sarah-white\/\">\n                        <img decoding=\"async\" src=\"https:\/\/brumbos.nl\/wp-content\/uploads\/2023\/09\/Sarah_White.jpg\">\n                    <\/a>\n                <\/div>\n                <div class=\"title-container\">\n                    <a href=\"https:\/\/brumbos.nl\/de\/pioenrozen\/sarah-white\/\">\n                        <h3>Sarah White<\/h3>\n                    <\/a>\n                <\/div>\n            <\/div>\n        <\/div>\n    <\/div>\n        <div class=\"col-12 col-sm-6 col-md-4 col-lg-4 col-xl-4 mb-4 mt-4\">\n        <div class=\"project\">\n            <div class=\"project-container\">\n                <div class=\"image-container\">\n                    <a href=\"https:\/\/brumbos.nl\/de\/pioenrozen\/duchesse-de-nemour\/\">\n                        <img decoding=\"async\" src=\"https:\/\/brumbos.nl\/wp-content\/uploads\/2023\/09\/Duchesse_de_Nemour.jpg\">\n                    <\/a>\n                <\/div>\n                <div class=\"title-container\">\n                    <a href=\"https:\/\/brumbos.nl\/de\/pioenrozen\/duchesse-de-nemour\/\">\n                        <h3>Duchesse de Nemours<\/h3>\n                    <\/a>\n                <\/div>\n            <\/div>\n        <\/div>\n    <\/div>\n        <div class=\"col-12 col-sm-6 col-md-4 col-lg-4 col-xl-4 mb-4 mt-4\">\n        <div class=\"project\">\n            <div class=\"project-container\">\n                <div class=\"image-container\">\n                    <a href=\"https:\/\/brumbos.nl\/de\/pioenrozen\/henry-bockstoce\/\">\n                        <img decoding=\"async\" src=\"https:\/\/brumbos.nl\/wp-content\/uploads\/2023\/09\/Henry_Bockstoce.jpg\">\n                    <\/a>\n                <\/div>\n                <div class=\"title-container\">\n                    <a href=\"https:\/\/brumbos.nl\/de\/pioenrozen\/henry-bockstoce\/\">\n                        <h3>Henry Bockstoce<\/h3>\n                    <\/a>\n                <\/div>\n            <\/div>\n        <\/div>\n    <\/div>\n        <div class=\"col-12 col-sm-6 col-md-4 col-lg-4 col-xl-4 mb-4 mt-4\">\n        <div class=\"project\">\n            <div class=\"project-container\">\n                <div class=\"image-container\">\n                    <a href=\"https:\/\/brumbos.nl\/de\/pioenrozen\/sarah-bernardt\/\">\n                        <img decoding=\"async\" src=\"https:\/\/brumbos.nl\/wp-content\/uploads\/2023\/09\/Sarah_Bernard.jpg\">\n                    <\/a>\n                <\/div>\n                <div class=\"title-container\">\n                    <a href=\"https:\/\/brumbos.nl\/de\/pioenrozen\/sarah-bernardt\/\">\n                        <h3>Sarah Bernardt<\/h3>\n                    <\/a>\n                <\/div>\n            <\/div>\n        <\/div>\n    <\/div>\n        <div class=\"col-12 col-sm-6 col-md-4 col-lg-4 col-xl-4 mb-4 mt-4\">\n        <div class=\"project\">\n            <div class=\"project-container\">\n                <div class=\"image-container\">\n                    <a href=\"https:\/\/brumbos.nl\/de\/pioenrozen\/red-charm\/\">\n                        <img decoding=\"async\" src=\"https:\/\/brumbos.nl\/wp-content\/uploads\/2023\/09\/Red_Charm.jpg\">\n                    <\/a>\n                <\/div>\n                <div class=\"title-container\">\n                    <a href=\"https:\/\/brumbos.nl\/de\/pioenrozen\/red-charm\/\">\n                        <h3>Red Charm<\/h3>\n                    <\/a>\n                <\/div>\n            <\/div>\n        <\/div>\n    <\/div>\n    <\/div>\n\n","protected":false},"excerpt":{"rendered":"<p>Pfingstrosen Pfingstrosen \u2013 auch P\u00e4onien genannt \u2013 sind ein Saisonprodukt, da sie nur in einem beschr\u00e4nkten Zeitraum des Jahres erh\u00e4ltlich [&hellip;]<\/p>\n","protected":false},"author":1,"featured_media":0,"parent":535,"menu_order":1,"comment_status":"closed","ping_status":"closed","template":"","meta":{"_acf_changed":false,"footnotes":""},"class_list":["post-519","page","type-page","status-publish","hentry"],"acf":[],"yoast_head":"<!-- This site is optimized with the Yoast SEO plugin v25.7 - https:\/\/yoast.com\/wordpress\/plugins\/seo\/ -->\n<title>Pfingstrosen - Brumbos<\/title>\n<meta name=\"robots\" content=\"index, follow, max-snippet:-1, max-image-preview:large, max-video-preview:-1\" \/>\n<link rel=\"canonical\" href=\"https:\/\/brumbos.nl\/de\/produkte\/pfingstrosen\/\" \/>\n<meta property=\"og:locale\" content=\"de_DE\" \/>\n<meta property=\"og:type\" content=\"article\" \/>\n<meta property=\"og:title\" content=\"Pfingstrosen - Brumbos\" \/>\n<meta property=\"og:description\" content=\"Pfingstrosen Pfingstrosen \u2013 auch P\u00e4onien genannt \u2013 sind ein Saisonprodukt, da sie nur in einem beschr\u00e4nkten Zeitraum des Jahres erh\u00e4ltlich [&hellip;]\" \/>\n<meta property=\"og:url\" content=\"https:\/\/brumbos.nl\/de\/produkte\/pfingstrosen\/\" \/>\n<meta property=\"og:site_name\" content=\"Brumbos\" \/>\n<meta property=\"article:modified_time\" content=\"2023-09-06T15:17:47+00:00\" \/>\n<meta name=\"twitter:card\" content=\"summary_large_image\" \/>\n<meta name=\"twitter:label1\" content=\"Gesch\u00e4tzte Lesezeit\" \/>\n\t<meta name=\"twitter:data1\" content=\"2\u00a0Minuten\" \/>\n<script type=\"application\/ld+json\" class=\"yoast-schema-graph\">{\"@context\":\"https:\/\/schema.org\",\"@graph\":[{\"@type\":\"WebPage\",\"@id\":\"https:\/\/brumbos.nl\/de\/produkte\/pfingstrosen\/\",\"url\":\"https:\/\/brumbos.nl\/de\/produkte\/pfingstrosen\/\",\"name\":\"Pfingstrosen - Brumbos\",\"isPartOf\":{\"@id\":\"https:\/\/brumbos.nl\/de\/#website\"},\"datePublished\":\"2023-08-31T05:51:21+00:00\",\"dateModified\":\"2023-09-06T15:17:47+00:00\",\"breadcrumb\":{\"@id\":\"https:\/\/brumbos.nl\/de\/produkte\/pfingstrosen\/#breadcrumb\"},\"inLanguage\":\"de\",\"potentialAction\":[{\"@type\":\"ReadAction\",\"target\":[\"https:\/\/brumbos.nl\/de\/produkte\/pfingstrosen\/\"]}]},{\"@type\":\"BreadcrumbList\",\"@id\":\"https:\/\/brumbos.nl\/de\/produkte\/pfingstrosen\/#breadcrumb\",\"itemListElement\":[{\"@type\":\"ListItem\",\"position\":1,\"name\":\"Home\",\"item\":\"https:\/\/brumbos.nl\/de\/\"},{\"@type\":\"ListItem\",\"position\":2,\"name\":\"Produkte\",\"item\":\"https:\/\/brumbos.nl\/de\/produkte\/\"},{\"@type\":\"ListItem\",\"position\":3,\"name\":\"Pfingstrosen\"}]},{\"@type\":\"WebSite\",\"@id\":\"https:\/\/brumbos.nl\/de\/#website\",\"url\":\"https:\/\/brumbos.nl\/de\/\",\"name\":\"Brumbos\",\"description\":\"Since 2008\",\"potentialAction\":[{\"@type\":\"SearchAction\",\"target\":{\"@type\":\"EntryPoint\",\"urlTemplate\":\"https:\/\/brumbos.nl\/de\/?s={search_term_string}\"},\"query-input\":{\"@type\":\"PropertyValueSpecification\",\"valueRequired\":true,\"valueName\":\"search_term_string\"}}],\"inLanguage\":\"de\"}]}<\/script>\n<!-- \/ Yoast SEO plugin. -->","yoast_head_json":{"title":"Pfingstrosen - Brumbos","robots":{"index":"index","follow":"follow","max-snippet":"max-snippet:-1","max-image-preview":"max-image-preview:large","max-video-preview":"max-video-preview:-1"},"canonical":"https:\/\/brumbos.nl\/de\/produkte\/pfingstrosen\/","og_locale":"de_DE","og_type":"article","og_title":"Pfingstrosen - Brumbos","og_description":"Pfingstrosen Pfingstrosen \u2013 auch P\u00e4onien genannt \u2013 sind ein Saisonprodukt, da sie nur in einem beschr\u00e4nkten Zeitraum des Jahres erh\u00e4ltlich [&hellip;]","og_url":"https:\/\/brumbos.nl\/de\/produkte\/pfingstrosen\/","og_site_name":"Brumbos","article_modified_time":"2023-09-06T15:17:47+00:00","twitter_card":"summary_large_image","twitter_misc":{"Gesch\u00e4tzte Lesezeit":"2\u00a0Minuten"},"schema":{"@context":"https:\/\/schema.org","@graph":[{"@type":"WebPage","@id":"https:\/\/brumbos.nl\/de\/produkte\/pfingstrosen\/","url":"https:\/\/brumbos.nl\/de\/produkte\/pfingstrosen\/","name":"Pfingstrosen - Brumbos","isPartOf":{"@id":"https:\/\/brumbos.nl\/de\/#website"},"datePublished":"2023-08-31T05:51:21+00:00","dateModified":"2023-09-06T15:17:47+00:00","breadcrumb":{"@id":"https:\/\/brumbos.nl\/de\/produkte\/pfingstrosen\/#breadcrumb"},"inLanguage":"de","potentialAction":[{"@type":"ReadAction","target":["https:\/\/brumbos.nl\/de\/produkte\/pfingstrosen\/"]}]},{"@type":"BreadcrumbList","@id":"https:\/\/brumbos.nl\/de\/produkte\/pfingstrosen\/#breadcrumb","itemListElement":[{"@type":"ListItem","position":1,"name":"Home","item":"https:\/\/brumbos.nl\/de\/"},{"@type":"ListItem","position":2,"name":"Produkte","item":"https:\/\/brumbos.nl\/de\/produkte\/"},{"@type":"ListItem","position":3,"name":"Pfingstrosen"}]},{"@type":"WebSite","@id":"https:\/\/brumbos.nl\/de\/#website","url":"https:\/\/brumbos.nl\/de\/","name":"Brumbos","description":"Since 2008","potentialAction":[{"@type":"SearchAction","target":{"@type":"EntryPoint","urlTemplate":"https:\/\/brumbos.nl\/de\/?s={search_term_string}"},"query-input":{"@type":"PropertyValueSpecification","valueRequired":true,"valueName":"search_term_string"}}],"inLanguage":"de"}]}},"_links":{"self":[{"href":"https:\/\/brumbos.nl\/de\/wp-json\/wp\/v2\/pages\/519","targetHints":{"allow":["GET"]}}],"collection":[{"href":"https:\/\/brumbos.nl\/de\/wp-json\/wp\/v2\/pages"}],"about":[{"href":"https:\/\/brumbos.nl\/de\/wp-json\/wp\/v2\/types\/page"}],"author":[{"embeddable":true,"href":"https:\/\/brumbos.nl\/de\/wp-json\/wp\/v2\/users\/1"}],"replies":[{"embeddable":true,"href":"https:\/\/brumbos.nl\/de\/wp-json\/wp\/v2\/comments?post=519"}],"version-history":[{"count":5,"href":"https:\/\/brumbos.nl\/de\/wp-json\/wp\/v2\/pages\/519\/revisions"}],"predecessor-version":[{"id":765,"href":"https:\/\/brumbos.nl\/de\/wp-json\/wp\/v2\/pages\/519\/revisions\/765"}],"up":[{"embeddable":true,"href":"https:\/\/brumbos.nl\/de\/wp-json\/wp\/v2\/pages\/535"}],"wp:attachment":[{"href":"https:\/\/brumbos.nl\/de\/wp-json\/wp\/v2\/media?parent=519"}],"curies":[{"name":"wp","href":"https:\/\/api.w.org\/{rel}","templated":true}]}}