{"id":526,"date":"2023-08-31T05:51:42","date_gmt":"2023-08-31T05:51:42","guid":{"rendered":"https:\/\/brumbos.nl\/snijheesters\/"},"modified":"2023-09-06T15:18:50","modified_gmt":"2023-09-06T15:18:50","slug":"schnittstauden","status":"publish","type":"page","link":"https:\/\/brumbos.nl\/de\/produkte\/schnittstauden\/","title":{"rendered":"Schnittstauden"},"content":{"rendered":"\n<div class=\"wp-block-columns is-layout-flex wp-container-core-columns-is-layout-9d6595d7 wp-block-columns-is-layout-flex\">\n<div class=\"wp-block-column is-layout-flow wp-block-column-is-layout-flow\" style=\"flex-basis:100%\">\n<h2 class=\"wp-block-heading\">Schnittstauden<\/h2>\n\n\n\n<p><strong>Definition: Stauden, die speziell gez\u00fcchtet werden, um Zweige abzuschneiden.<\/strong><\/p>\n\n\n\n<p>Die Pflanzen selbst stehen also einige Jahre lang am selben Standort. Nur die zur Ernte geeigneten Zweige werden verwendet. Unsere Schnittstauden lassen sich in einige Gruppen unterteilen:<\/p>\n\n\n\n<ol class=\"wp-block-list\">\n<li>Beerenstauden<\/li>\n\n\n\n<li>Blattstauden<\/li>\n\n\n\n<li>Bl\u00fctenstauden<\/li>\n<\/ol>\n\n\n\n<p>Die Zweige kommen meist in Buketts zum Einsatz. Einzelne Sorten k\u00f6nnen jedoch auch separat in eine Vase gestellt werden. Wie bei Pfingstrosen ist auch bei Bl\u00fctenstauden die Qualit\u00e4t \u00e4u\u00dferst wichtig. Werden diese zu fr\u00fch geerntet, halten sie sich nicht lange genug in der Vase.<\/p>\n\n\n\n<p>Einige Stauden f\u00fchlen sich auch im Garten wohl \u2013 vielleicht aber in einer etwas anderen Form. Oftmals werden n\u00e4mlich Sorten eingesetzt, die aufgrund ihres Verwendungszwecks ausgew\u00e4hlt wurden. In unserem Fall also sch\u00f6ne, gerade gewachsene und gut gef\u00fcllte Zweige.<\/p>\n\n\n\n<p>Schnittstauden ben\u00f6tigen einige Jahre, bevor unz\u00e4hlige Zweige abgeschnitten werden k\u00f6nnen. Manche Sorten liefern nur einmal pro Jahr Zweige. Diese Sorten haben dann ein Wachstumsjahr, in dem sie in die L\u00e4nge wachsen, und ein Erntejahr, in dem Beeren gebildet werden.<\/p>\n<\/div>\n<\/div>\n\n\n<div class=\"row justify-content-start\">\n        <div class=\"col-12 col-sm-6 col-md-4 col-lg-4 col-xl-4 mb-4 mt-4\">\n        <div class=\"project\">\n            <div class=\"project-container\">\n                <div class=\"image-container\">\n                    <a href=\"https:\/\/brumbos.nl\/de\/snijheesters\/ilex-verticilata\/\">\n                        <img decoding=\"async\" src=\"https:\/\/brumbos.nl\/wp-content\/uploads\/2023\/09\/Verticillata_Times.jpg\">\n                    <\/a>\n                <\/div>\n                <div class=\"title-container\">\n                    <a href=\"https:\/\/brumbos.nl\/de\/snijheesters\/ilex-verticilata\/\">\n                        <h3>Ilex Verticilata<\/h3>\n                    <\/a>\n                <\/div>\n            <\/div>\n        <\/div>\n    <\/div>\n        <div class=\"col-12 col-sm-6 col-md-4 col-lg-4 col-xl-4 mb-4 mt-4\">\n        <div class=\"project\">\n            <div class=\"project-container\">\n                <div class=\"image-container\">\n                    <a href=\"https:\/\/brumbos.nl\/de\/snijheesters\/symphoricarpos\/\">\n                        <img decoding=\"async\" src=\"https:\/\/brumbos.nl\/wp-content\/uploads\/2023\/09\/Symphoricarpos_Treasure.jpg\">\n                    <\/a>\n                <\/div>\n                <div class=\"title-container\">\n                    <a href=\"https:\/\/brumbos.nl\/de\/snijheesters\/symphoricarpos\/\">\n                        <h3>Symphoricarpos<\/h3>\n                    <\/a>\n                <\/div>\n            <\/div>\n        <\/div>\n    <\/div>\n        <div class=\"col-12 col-sm-6 col-md-4 col-lg-4 col-xl-4 mb-4 mt-4\">\n        <div class=\"project\">\n            <div class=\"project-container\">\n                <div class=\"image-container\">\n                    <a href=\"https:\/\/brumbos.nl\/de\/snijheesters\/myrica-gale\/\">\n                        <img decoding=\"async\" src=\"https:\/\/brumbos.nl\/wp-content\/uploads\/2023\/09\/Myrica_Gale.jpg\">\n                    <\/a>\n                <\/div>\n                <div class=\"title-container\">\n                    <a href=\"https:\/\/brumbos.nl\/de\/snijheesters\/myrica-gale\/\">\n                        <h3>Myrica Gale (Gagel)<\/h3>\n                    <\/a>\n                <\/div>\n            <\/div>\n        <\/div>\n    <\/div>\n        <div class=\"col-12 col-sm-6 col-md-4 col-lg-4 col-xl-4 mb-4 mt-4\">\n        <div class=\"project\">\n            <div class=\"project-container\">\n                <div class=\"image-container\">\n                    <a href=\"https:\/\/brumbos.nl\/de\/snijheesters\/exochorda-racemosa\/\">\n                        <img decoding=\"async\" src=\"https:\/\/brumbos.nl\/wp-content\/uploads\/2023\/09\/Exochorda.jpg\">\n                    <\/a>\n                <\/div>\n                <div class=\"title-container\">\n                    <a href=\"https:\/\/brumbos.nl\/de\/snijheesters\/exochorda-racemosa\/\">\n                        <h3>Exochorda Racemosa<\/h3>\n                    <\/a>\n                <\/div>\n            <\/div>\n        <\/div>\n    <\/div>\n        <div class=\"col-12 col-sm-6 col-md-4 col-lg-4 col-xl-4 mb-4 mt-4\">\n        <div class=\"project\">\n            <div class=\"project-container\">\n                <div class=\"image-container\">\n                    <a href=\"https:\/\/brumbos.nl\/de\/snijheesters\/ilex-meserveae\/\">\n                        <img decoding=\"async\" src=\"https:\/\/brumbos.nl\/wp-content\/uploads\/2023\/09\/Ilex_Blue_Fantasy.jpg\">\n                    <\/a>\n                <\/div>\n                <div class=\"title-container\">\n                    <a href=\"https:\/\/brumbos.nl\/de\/snijheesters\/ilex-meserveae\/\">\n                        <h3>Ilex Meserveae<\/h3>\n                    <\/a>\n                <\/div>\n            <\/div>\n        <\/div>\n    <\/div>\n        <div class=\"col-12 col-sm-6 col-md-4 col-lg-4 col-xl-4 mb-4 mt-4\">\n        <div class=\"project\">\n            <div class=\"project-container\">\n                <div class=\"image-container\">\n                    <a href=\"https:\/\/brumbos.nl\/de\/snijheesters\/skimmia\/\">\n                        <img decoding=\"async\" src=\"https:\/\/brumbos.nl\/wp-content\/uploads\/2023\/09\/kewgr35.jpg\">\n                    <\/a>\n                <\/div>\n                <div class=\"title-container\">\n                    <a href=\"https:\/\/brumbos.nl\/de\/snijheesters\/skimmia\/\">\n                        <h3>Skimmia<\/h3>\n                    <\/a>\n                <\/div>\n            <\/div>\n        <\/div>\n    <\/div>\n        <div class=\"col-12 col-sm-6 col-md-4 col-lg-4 col-xl-4 mb-4 mt-4\">\n        <div class=\"project\">\n            <div class=\"project-container\">\n                <div class=\"image-container\">\n                    <a href=\"https:\/\/brumbos.nl\/de\/snijheesters\/hypericum\/\">\n                        <img decoding=\"async\" src=\"https:\/\/brumbos.nl\/wp-content\/uploads\/2023\/09\/Hypericum_Red_Fame.jpg\">\n                    <\/a>\n                <\/div>\n                <div class=\"title-container\">\n                    <a href=\"https:\/\/brumbos.nl\/de\/snijheesters\/hypericum\/\">\n                        <h3>Hypericum<\/h3>\n                    <\/a>\n                <\/div>\n            <\/div>\n        <\/div>\n    <\/div>\n        <div class=\"col-12 col-sm-6 col-md-4 col-lg-4 col-xl-4 mb-4 mt-4\">\n        <div class=\"project\">\n            <div class=\"project-container\">\n                <div class=\"image-container\">\n                    <a href=\"https:\/\/brumbos.nl\/de\/snijheesters\/viburnum-opulus-compactum\/\">\n                        <img decoding=\"async\" src=\"https:\/\/brumbos.nl\/wp-content\/uploads\/2023\/09\/Compactum55.jpg\">\n                    <\/a>\n                <\/div>\n                <div class=\"title-container\">\n                    <a href=\"https:\/\/brumbos.nl\/de\/snijheesters\/viburnum-opulus-compactum\/\">\n                        <h3>Viburnum Opulus Compactum<\/h3>\n                    <\/a>\n                <\/div>\n            <\/div>\n        <\/div>\n    <\/div>\n        <div class=\"col-12 col-sm-6 col-md-4 col-lg-4 col-xl-4 mb-4 mt-4\">\n        <div class=\"project\">\n            <div class=\"project-container\">\n                <div class=\"image-container\">\n                    <a href=\"https:\/\/brumbos.nl\/de\/snijheesters\/viburnum-opulus-roseum\/\">\n                        <img decoding=\"async\" src=\"https:\/\/brumbos.nl\/wp-content\/uploads\/2023\/09\/Viburnum_Roseum.jpg\">\n                    <\/a>\n                <\/div>\n                <div class=\"title-container\">\n                    <a href=\"https:\/\/brumbos.nl\/de\/snijheesters\/viburnum-opulus-roseum\/\">\n                        <h3>Viburnum Opulus Roseum<\/h3>\n                    <\/a>\n                <\/div>\n            <\/div>\n        <\/div>\n    <\/div>\n    <\/div>\n\n","protected":false},"excerpt":{"rendered":"<p>Schnittstauden Definition: Stauden, die speziell gez\u00fcchtet werden, um Zweige abzuschneiden. Die Pflanzen selbst stehen also einige Jahre lang am selben [&hellip;]<\/p>\n","protected":false},"author":1,"featured_media":0,"parent":535,"menu_order":2,"comment_status":"closed","ping_status":"closed","template":"","meta":{"_acf_changed":false,"footnotes":""},"class_list":["post-526","page","type-page","status-publish","hentry"],"acf":[],"yoast_head":"<!-- This site is optimized with the Yoast SEO plugin v25.7 - https:\/\/yoast.com\/wordpress\/plugins\/seo\/ -->\n<title>Schnittstauden - Brumbos<\/title>\n<meta name=\"robots\" content=\"index, follow, max-snippet:-1, max-image-preview:large, max-video-preview:-1\" \/>\n<link rel=\"canonical\" href=\"https:\/\/brumbos.nl\/de\/produkte\/schnittstauden\/\" \/>\n<meta property=\"og:locale\" content=\"de_DE\" \/>\n<meta property=\"og:type\" content=\"article\" \/>\n<meta property=\"og:title\" content=\"Schnittstauden - Brumbos\" \/>\n<meta property=\"og:description\" content=\"Schnittstauden Definition: Stauden, die speziell gez\u00fcchtet werden, um Zweige abzuschneiden. Die Pflanzen selbst stehen also einige Jahre lang am selben [&hellip;]\" \/>\n<meta property=\"og:url\" content=\"https:\/\/brumbos.nl\/de\/produkte\/schnittstauden\/\" \/>\n<meta property=\"og:site_name\" content=\"Brumbos\" \/>\n<meta property=\"article:modified_time\" content=\"2023-09-06T15:18:50+00:00\" \/>\n<meta name=\"twitter:card\" content=\"summary_large_image\" \/>\n<meta name=\"twitter:label1\" content=\"Gesch\u00e4tzte Lesezeit\" \/>\n\t<meta name=\"twitter:data1\" content=\"1\u00a0Minute\" \/>\n<script type=\"application\/ld+json\" class=\"yoast-schema-graph\">{\"@context\":\"https:\/\/schema.org\",\"@graph\":[{\"@type\":\"WebPage\",\"@id\":\"https:\/\/brumbos.nl\/de\/produkte\/schnittstauden\/\",\"url\":\"https:\/\/brumbos.nl\/de\/produkte\/schnittstauden\/\",\"name\":\"Schnittstauden - Brumbos\",\"isPartOf\":{\"@id\":\"https:\/\/brumbos.nl\/de\/#website\"},\"datePublished\":\"2023-08-31T05:51:42+00:00\",\"dateModified\":\"2023-09-06T15:18:50+00:00\",\"breadcrumb\":{\"@id\":\"https:\/\/brumbos.nl\/de\/produkte\/schnittstauden\/#breadcrumb\"},\"inLanguage\":\"de\",\"potentialAction\":[{\"@type\":\"ReadAction\",\"target\":[\"https:\/\/brumbos.nl\/de\/produkte\/schnittstauden\/\"]}]},{\"@type\":\"BreadcrumbList\",\"@id\":\"https:\/\/brumbos.nl\/de\/produkte\/schnittstauden\/#breadcrumb\",\"itemListElement\":[{\"@type\":\"ListItem\",\"position\":1,\"name\":\"Home\",\"item\":\"https:\/\/brumbos.nl\/de\/\"},{\"@type\":\"ListItem\",\"position\":2,\"name\":\"Produkte\",\"item\":\"https:\/\/brumbos.nl\/de\/produkte\/\"},{\"@type\":\"ListItem\",\"position\":3,\"name\":\"Schnittstauden\"}]},{\"@type\":\"WebSite\",\"@id\":\"https:\/\/brumbos.nl\/de\/#website\",\"url\":\"https:\/\/brumbos.nl\/de\/\",\"name\":\"Brumbos\",\"description\":\"Since 2008\",\"potentialAction\":[{\"@type\":\"SearchAction\",\"target\":{\"@type\":\"EntryPoint\",\"urlTemplate\":\"https:\/\/brumbos.nl\/de\/?s={search_term_string}\"},\"query-input\":{\"@type\":\"PropertyValueSpecification\",\"valueRequired\":true,\"valueName\":\"search_term_string\"}}],\"inLanguage\":\"de\"}]}<\/script>\n<!-- \/ Yoast SEO plugin. -->","yoast_head_json":{"title":"Schnittstauden - Brumbos","robots":{"index":"index","follow":"follow","max-snippet":"max-snippet:-1","max-image-preview":"max-image-preview:large","max-video-preview":"max-video-preview:-1"},"canonical":"https:\/\/brumbos.nl\/de\/produkte\/schnittstauden\/","og_locale":"de_DE","og_type":"article","og_title":"Schnittstauden - Brumbos","og_description":"Schnittstauden Definition: Stauden, die speziell gez\u00fcchtet werden, um Zweige abzuschneiden. Die Pflanzen selbst stehen also einige Jahre lang am selben [&hellip;]","og_url":"https:\/\/brumbos.nl\/de\/produkte\/schnittstauden\/","og_site_name":"Brumbos","article_modified_time":"2023-09-06T15:18:50+00:00","twitter_card":"summary_large_image","twitter_misc":{"Gesch\u00e4tzte Lesezeit":"1\u00a0Minute"},"schema":{"@context":"https:\/\/schema.org","@graph":[{"@type":"WebPage","@id":"https:\/\/brumbos.nl\/de\/produkte\/schnittstauden\/","url":"https:\/\/brumbos.nl\/de\/produkte\/schnittstauden\/","name":"Schnittstauden - Brumbos","isPartOf":{"@id":"https:\/\/brumbos.nl\/de\/#website"},"datePublished":"2023-08-31T05:51:42+00:00","dateModified":"2023-09-06T15:18:50+00:00","breadcrumb":{"@id":"https:\/\/brumbos.nl\/de\/produkte\/schnittstauden\/#breadcrumb"},"inLanguage":"de","potentialAction":[{"@type":"ReadAction","target":["https:\/\/brumbos.nl\/de\/produkte\/schnittstauden\/"]}]},{"@type":"BreadcrumbList","@id":"https:\/\/brumbos.nl\/de\/produkte\/schnittstauden\/#breadcrumb","itemListElement":[{"@type":"ListItem","position":1,"name":"Home","item":"https:\/\/brumbos.nl\/de\/"},{"@type":"ListItem","position":2,"name":"Produkte","item":"https:\/\/brumbos.nl\/de\/produkte\/"},{"@type":"ListItem","position":3,"name":"Schnittstauden"}]},{"@type":"WebSite","@id":"https:\/\/brumbos.nl\/de\/#website","url":"https:\/\/brumbos.nl\/de\/","name":"Brumbos","description":"Since 2008","potentialAction":[{"@type":"SearchAction","target":{"@type":"EntryPoint","urlTemplate":"https:\/\/brumbos.nl\/de\/?s={search_term_string}"},"query-input":{"@type":"PropertyValueSpecification","valueRequired":true,"valueName":"search_term_string"}}],"inLanguage":"de"}]}},"_links":{"self":[{"href":"https:\/\/brumbos.nl\/de\/wp-json\/wp\/v2\/pages\/526","targetHints":{"allow":["GET"]}}],"collection":[{"href":"https:\/\/brumbos.nl\/de\/wp-json\/wp\/v2\/pages"}],"about":[{"href":"https:\/\/brumbos.nl\/de\/wp-json\/wp\/v2\/types\/page"}],"author":[{"embeddable":true,"href":"https:\/\/brumbos.nl\/de\/wp-json\/wp\/v2\/users\/1"}],"replies":[{"embeddable":true,"href":"https:\/\/brumbos.nl\/de\/wp-json\/wp\/v2\/comments?post=526"}],"version-history":[{"count":4,"href":"https:\/\/brumbos.nl\/de\/wp-json\/wp\/v2\/pages\/526\/revisions"}],"predecessor-version":[{"id":766,"href":"https:\/\/brumbos.nl\/de\/wp-json\/wp\/v2\/pages\/526\/revisions\/766"}],"up":[{"embeddable":true,"href":"https:\/\/brumbos.nl\/de\/wp-json\/wp\/v2\/pages\/535"}],"wp:attachment":[{"href":"https:\/\/brumbos.nl\/de\/wp-json\/wp\/v2\/media?parent=526"}],"curies":[{"name":"wp","href":"https:\/\/api.w.org\/{rel}","templated":true}]}}