{"id":718,"date":"2021-03-27T12:23:46","date_gmt":"2021-03-27T12:23:46","guid":{"rendered":"https:\/\/brumbos.nl\/datenschutzerklaerung\/"},"modified":"2023-09-04T14:27:54","modified_gmt":"2023-09-04T14:27:54","slug":"datenschutzerklaerung","status":"publish","type":"page","link":"https:\/\/brumbos.nl\/de\/datenschutzerklaerung\/","title":{"rendered":"Datenschutzerkl\u00e4rung"},"content":{"rendered":"\n<h2 class=\"mt-5 mb-4 wp-block-heading\">Wer sind wir?<\/h2>\n\n<p>Unsere Website-Adresse lautet: <a href=\"https:\/\/demo.libelnet.net\/templates\/echo\">https:\/\/demo.libelnet.net\/templates\/echo<\/a><\/p>\n\n<h2 class=\"mt-5 mb-4 wp-block-heading\">Welche pers\u00f6nlichen Daten wir sammeln und warum wir sie sammeln<\/h2>\n\n<h3 class=\"wp-block-heading\">Kommentare<\/h3>\n\n<p>Wenn Besucher Kommentare auf der Website hinterlassen, erfassen wir die im Kommentarformular angezeigten Daten sowie die IP-Adresse des Besuchers und den Browser User Agent, um Spam zu erkennen.<\/p>\n\n<p>Ein anonymisierter String, der auf Grundlage deiner E-Mail-Adresse erstellt wurde (auch als Hash bezeichnet), kann an den Gravatar-Dienst gesendet werden, sofern du diesen verwendest. Die Datenschutzrichtlinie findest du hier: https:\/\/automattic.com\/privacy\/. Nach Freigabe deines Kommentars ist dein Profilbild in der Kontext deines Kommentars \u00f6ffentlich sichtbar. <\/p>\n\n<h3 class=\"wp-block-heading\">Medien<\/h3>\n\n<p>Wenn du ein registrierter Benutzer bist und Bilder auf die Website hochl\u00e4dst, solltest du sicherstellen, dass du keine Bilder hochl\u00e4dst, die EXIF-GPS-Standortdaten enthalten. Besucher der Website k\u00f6nnen die Bilder von der Website herunterladen und die Standortdaten einsehen <\/p>\n\n<h3 class=\"wp-block-heading\">Cookies<\/h3>\n\n<p>Wenn du einen Kommentar auf unserer Website hinterl\u00e4sst, kannst du angeben, ob dein Name, deine E-Mail-Adresse und deine Website in einem Cookie gespeichert werden d\u00fcrfen. Dies geschieht zu deinem Komfort, damit du diese Daten nicht erneut f\u00fcr einen neuen Kommentar eingeben musst. Diese Cookies sind ein Jahr lang g\u00fcltig.   <\/p>\n\n<p>Wenn du unsere Anmeldeseite besuchst, speichern wir ein tempor\u00e4res Cookie, um zu \u00fcberpr\u00fcfen, ob dein Browser Cookies akzeptiert. Dieses Cookie enth\u00e4lt keine pers\u00f6nlichen Daten und wird gel\u00f6scht, sobald du deinen Browser schlie\u00dft. <\/p>\n\n<p>Sobald du dich anmeldest, werden einige Cookies in Bezug auf deine Anmeldeinformationen und Bildschirmoptionen gespeichert. Anmelde-Cookies sind 2 Tage lang g\u00fcltig, und Cookies f\u00fcr Bildschirmoptionen sind 1 Jahr lang g\u00fcltig. Wenn du die Option &#8222;Angemeldet bleiben&#8220; ausw\u00e4hlst, bleibt deine Anmeldung 2 Wochen lang bestehen. Sobald du dich von deinem Konto abmeldest, werden die Anmelde-Cookies gel\u00f6scht.   <\/p>\n\n<p>Wenn du einen Beitrag bearbeitest oder ver\u00f6ffentlichst, wird ein zus\u00e4tzliches Cookie in deinem Browser gespeichert. Dieses Cookie enth\u00e4lt keine pers\u00f6nlichen Daten und enth\u00e4lt nur die Post-ID des bearbeiteten Artikels. Dieses Cookie l\u00e4uft nach einem Tag ab.  <\/p>\n\n<h3 class=\"wp-block-heading\">Inhalte von anderen Websites eingebettet<\/h3>\n\n<p>Beitr\u00e4ge auf dieser Website k\u00f6nnen eingebettete Inhalte enthalten (z. B. Videos, Bilder, Beitr\u00e4ge usw.). Eingebettete Inhalte von anderen Websites verhalten sich genauso, als ob der Besucher diese andere Website besucht h\u00e4tte. <\/p>\n\n<p>Diese Websites k\u00f6nnen Informationen \u00fcber dich sammeln, Cookies verwenden, zus\u00e4tzliches Tracking von Drittanbietern einbetten und deine Interaktion mit diesen eingebetteten Inhalten \u00fcberwachen, einschlie\u00dflich der Erfassung deiner Interaktion mit eingebetteten Inhalten, wenn du ein Konto hast und auf dieser Website angemeldet bist.<\/p>\n\n<h2 class=\"mt-5 mb-4 wp-block-heading\">Wie lange wir deine Daten aufbewahren<\/h2>\n\n<p>Wenn du einen Kommentar hinterl\u00e4sst, wird dieser Kommentar sowie die Metadaten des Kommentars f\u00fcr immer gespeichert. Auf diese Weise k\u00f6nnen wir Folgekommentare automatisch erkennen und genehmigen, anstatt sie moderieren zu m\u00fcssen. <\/p>\n\n<p>F\u00fcr Benutzer, die sich auf unserer Website registrieren (falls vorhanden), speichern wir auch die pers\u00f6nlichen Informationen, die sie in ihrem Benutzerprofil angeben. Alle Benutzer k\u00f6nnen ihre pers\u00f6nlichen Informationen jederzeit anzeigen, bearbeiten oder l\u00f6schen (au\u00dfer ihrer Benutzername kann nicht ge\u00e4ndert werden). Website-Administratoren k\u00f6nnen diese Informationen ebenfalls anzeigen und bearbeiten.  <\/p>\n\n<h2 class=\"mt-5 mb-4 wp-block-heading\">Welche Rechte du bez\u00fcglich deiner Daten hast<\/h2>\n\n<p>Wenn du ein Konto auf dieser Website hast oder Kommentare hinterlassen hast, kannst du eine Anfrage stellen, um eine Exportdatei deiner pers\u00f6nlichen Daten, die wir von dir haben, einschlie\u00dflich aller Daten, die du uns zur Verf\u00fcgung gestellt hast, zu erhalten. Du kannst auch beantragen, dass wir alle pers\u00f6nlichen Daten, die wir von dir haben, l\u00f6schen. Dies umfasst keine Daten, die wir aus administrativen, rechtlichen oder Sicherheitsgr\u00fcnden aufbewahren m\u00fcssen.  <\/p>\n\n<h2 class=\"mt-5 mb-4 wp-block-heading\">Wohin wir deine Daten senden<\/h2>\n\n<p>Kommentare von Besuchern k\u00f6nnen m\u00f6glicherweise \u00fcber einen automatisierten Spam-Erkennungsdienst \u00fcberpr\u00fcft werden.<\/p>\n","protected":false},"excerpt":{"rendered":"<p>Wer sind wir? Unsere Website-Adresse lautet: https:\/\/demo.libelnet.net\/templates\/echo Welche pers\u00f6nlichen Daten wir sammeln und warum wir sie sammeln Kommentare Wenn Besucher [&hellip;]<\/p>\n","protected":false},"author":1,"featured_media":390,"parent":0,"menu_order":0,"comment_status":"closed","ping_status":"closed","template":"","meta":{"_acf_changed":false,"footnotes":""},"class_list":["post-718","page","type-page","status-publish","has-post-thumbnail","hentry"],"acf":[],"yoast_head":"<!-- This site is optimized with the Yoast SEO plugin v25.7 - https:\/\/yoast.com\/wordpress\/plugins\/seo\/ -->\n<title>Datenschutzerkl\u00e4rung - Brumbos<\/title>\n<meta name=\"robots\" content=\"index, follow, max-snippet:-1, max-image-preview:large, max-video-preview:-1\" \/>\n<link rel=\"canonical\" href=\"https:\/\/brumbos.nl\/de\/datenschutzerklaerung\/\" \/>\n<meta property=\"og:locale\" content=\"de_DE\" \/>\n<meta property=\"og:type\" content=\"article\" \/>\n<meta property=\"og:title\" content=\"Datenschutzerkl\u00e4rung - Brumbos\" \/>\n<meta property=\"og:description\" content=\"Wer sind wir? Unsere Website-Adresse lautet: https:\/\/demo.libelnet.net\/templates\/echo Welche pers\u00f6nlichen Daten wir sammeln und warum wir sie sammeln Kommentare Wenn Besucher [&hellip;]\" \/>\n<meta property=\"og:url\" content=\"https:\/\/brumbos.nl\/de\/datenschutzerklaerung\/\" \/>\n<meta property=\"og:site_name\" content=\"Brumbos\" \/>\n<meta property=\"article:modified_time\" content=\"2023-09-04T14:27:54+00:00\" \/>\n<meta property=\"og:image\" content=\"https:\/\/brumbos.nl\/wp-content\/uploads\/2021\/04\/banner_team.jpg\" \/>\n\t<meta property=\"og:image:width\" content=\"1920\" \/>\n\t<meta property=\"og:image:height\" content=\"1281\" \/>\n\t<meta property=\"og:image:type\" content=\"image\/jpeg\" \/>\n<meta name=\"twitter:card\" content=\"summary_large_image\" \/>\n<meta name=\"twitter:label1\" content=\"Gesch\u00e4tzte Lesezeit\" \/>\n\t<meta name=\"twitter:data1\" content=\"3\u00a0Minuten\" \/>\n<script type=\"application\/ld+json\" class=\"yoast-schema-graph\">{\"@context\":\"https:\/\/schema.org\",\"@graph\":[{\"@type\":\"WebPage\",\"@id\":\"https:\/\/brumbos.nl\/de\/datenschutzerklaerung\/\",\"url\":\"https:\/\/brumbos.nl\/de\/datenschutzerklaerung\/\",\"name\":\"Datenschutzerkl\u00e4rung - Brumbos\",\"isPartOf\":{\"@id\":\"https:\/\/brumbos.nl\/de\/#website\"},\"primaryImageOfPage\":{\"@id\":\"https:\/\/brumbos.nl\/de\/datenschutzerklaerung\/#primaryimage\"},\"image\":{\"@id\":\"https:\/\/brumbos.nl\/de\/datenschutzerklaerung\/#primaryimage\"},\"thumbnailUrl\":\"https:\/\/brumbos.nl\/wp-content\/uploads\/2021\/04\/banner_team.jpg\",\"datePublished\":\"2021-03-27T12:23:46+00:00\",\"dateModified\":\"2023-09-04T14:27:54+00:00\",\"breadcrumb\":{\"@id\":\"https:\/\/brumbos.nl\/de\/datenschutzerklaerung\/#breadcrumb\"},\"inLanguage\":\"de\",\"potentialAction\":[{\"@type\":\"ReadAction\",\"target\":[\"https:\/\/brumbos.nl\/de\/datenschutzerklaerung\/\"]}]},{\"@type\":\"ImageObject\",\"inLanguage\":\"de\",\"@id\":\"https:\/\/brumbos.nl\/de\/datenschutzerklaerung\/#primaryimage\",\"url\":\"https:\/\/brumbos.nl\/wp-content\/uploads\/2021\/04\/banner_team.jpg\",\"contentUrl\":\"https:\/\/brumbos.nl\/wp-content\/uploads\/2021\/04\/banner_team.jpg\",\"width\":1920,\"height\":1281},{\"@type\":\"BreadcrumbList\",\"@id\":\"https:\/\/brumbos.nl\/de\/datenschutzerklaerung\/#breadcrumb\",\"itemListElement\":[{\"@type\":\"ListItem\",\"position\":1,\"name\":\"Home\",\"item\":\"https:\/\/brumbos.nl\/de\/\"},{\"@type\":\"ListItem\",\"position\":2,\"name\":\"Datenschutzerkl\u00e4rung\"}]},{\"@type\":\"WebSite\",\"@id\":\"https:\/\/brumbos.nl\/de\/#website\",\"url\":\"https:\/\/brumbos.nl\/de\/\",\"name\":\"Brumbos\",\"description\":\"Since 2008\",\"potentialAction\":[{\"@type\":\"SearchAction\",\"target\":{\"@type\":\"EntryPoint\",\"urlTemplate\":\"https:\/\/brumbos.nl\/de\/?s={search_term_string}\"},\"query-input\":{\"@type\":\"PropertyValueSpecification\",\"valueRequired\":true,\"valueName\":\"search_term_string\"}}],\"inLanguage\":\"de\"}]}<\/script>\n<!-- \/ Yoast SEO plugin. -->","yoast_head_json":{"title":"Datenschutzerkl\u00e4rung - Brumbos","robots":{"index":"index","follow":"follow","max-snippet":"max-snippet:-1","max-image-preview":"max-image-preview:large","max-video-preview":"max-video-preview:-1"},"canonical":"https:\/\/brumbos.nl\/de\/datenschutzerklaerung\/","og_locale":"de_DE","og_type":"article","og_title":"Datenschutzerkl\u00e4rung - Brumbos","og_description":"Wer sind wir? Unsere Website-Adresse lautet: https:\/\/demo.libelnet.net\/templates\/echo Welche pers\u00f6nlichen Daten wir sammeln und warum wir sie sammeln Kommentare Wenn Besucher [&hellip;]","og_url":"https:\/\/brumbos.nl\/de\/datenschutzerklaerung\/","og_site_name":"Brumbos","article_modified_time":"2023-09-04T14:27:54+00:00","og_image":[{"width":1920,"height":1281,"url":"https:\/\/brumbos.nl\/wp-content\/uploads\/2021\/04\/banner_team.jpg","type":"image\/jpeg"}],"twitter_card":"summary_large_image","twitter_misc":{"Gesch\u00e4tzte Lesezeit":"3\u00a0Minuten"},"schema":{"@context":"https:\/\/schema.org","@graph":[{"@type":"WebPage","@id":"https:\/\/brumbos.nl\/de\/datenschutzerklaerung\/","url":"https:\/\/brumbos.nl\/de\/datenschutzerklaerung\/","name":"Datenschutzerkl\u00e4rung - Brumbos","isPartOf":{"@id":"https:\/\/brumbos.nl\/de\/#website"},"primaryImageOfPage":{"@id":"https:\/\/brumbos.nl\/de\/datenschutzerklaerung\/#primaryimage"},"image":{"@id":"https:\/\/brumbos.nl\/de\/datenschutzerklaerung\/#primaryimage"},"thumbnailUrl":"https:\/\/brumbos.nl\/wp-content\/uploads\/2021\/04\/banner_team.jpg","datePublished":"2021-03-27T12:23:46+00:00","dateModified":"2023-09-04T14:27:54+00:00","breadcrumb":{"@id":"https:\/\/brumbos.nl\/de\/datenschutzerklaerung\/#breadcrumb"},"inLanguage":"de","potentialAction":[{"@type":"ReadAction","target":["https:\/\/brumbos.nl\/de\/datenschutzerklaerung\/"]}]},{"@type":"ImageObject","inLanguage":"de","@id":"https:\/\/brumbos.nl\/de\/datenschutzerklaerung\/#primaryimage","url":"https:\/\/brumbos.nl\/wp-content\/uploads\/2021\/04\/banner_team.jpg","contentUrl":"https:\/\/brumbos.nl\/wp-content\/uploads\/2021\/04\/banner_team.jpg","width":1920,"height":1281},{"@type":"BreadcrumbList","@id":"https:\/\/brumbos.nl\/de\/datenschutzerklaerung\/#breadcrumb","itemListElement":[{"@type":"ListItem","position":1,"name":"Home","item":"https:\/\/brumbos.nl\/de\/"},{"@type":"ListItem","position":2,"name":"Datenschutzerkl\u00e4rung"}]},{"@type":"WebSite","@id":"https:\/\/brumbos.nl\/de\/#website","url":"https:\/\/brumbos.nl\/de\/","name":"Brumbos","description":"Since 2008","potentialAction":[{"@type":"SearchAction","target":{"@type":"EntryPoint","urlTemplate":"https:\/\/brumbos.nl\/de\/?s={search_term_string}"},"query-input":{"@type":"PropertyValueSpecification","valueRequired":true,"valueName":"search_term_string"}}],"inLanguage":"de"}]}},"_links":{"self":[{"href":"https:\/\/brumbos.nl\/de\/wp-json\/wp\/v2\/pages\/718","targetHints":{"allow":["GET"]}}],"collection":[{"href":"https:\/\/brumbos.nl\/de\/wp-json\/wp\/v2\/pages"}],"about":[{"href":"https:\/\/brumbos.nl\/de\/wp-json\/wp\/v2\/types\/page"}],"author":[{"embeddable":true,"href":"https:\/\/brumbos.nl\/de\/wp-json\/wp\/v2\/users\/1"}],"replies":[{"embeddable":true,"href":"https:\/\/brumbos.nl\/de\/wp-json\/wp\/v2\/comments?post=718"}],"version-history":[{"count":1,"href":"https:\/\/brumbos.nl\/de\/wp-json\/wp\/v2\/pages\/718\/revisions"}],"predecessor-version":[{"id":719,"href":"https:\/\/brumbos.nl\/de\/wp-json\/wp\/v2\/pages\/718\/revisions\/719"}],"wp:featuredmedia":[{"embeddable":true,"href":"https:\/\/brumbos.nl\/de\/wp-json\/wp\/v2\/media\/390"}],"wp:attachment":[{"href":"https:\/\/brumbos.nl\/de\/wp-json\/wp\/v2\/media?parent=718"}],"curies":[{"name":"wp","href":"https:\/\/api.w.org\/{rel}","templated":true}]}}